{"id":2517,"date":"2021-09-28T06:35:43","date_gmt":"2021-09-28T06:35:43","guid":{"rendered":"https:\/\/qrd-qiruide.com\/?page_id=2517"},"modified":"2021-09-28T08:31:25","modified_gmt":"2021-09-28T08:31:25","slug":"terms-of-service","status":"publish","type":"page","link":"https:\/\/qrd-qiruide.com\/es\/terms-of-service\/","title":{"rendered":"QIRUIDE ADDITIVES CO.,LTD Condiciones de servicio"},"content":{"rendered":"<div class='flex_column av-13zb7p-9a2a0a94c25367e5c20ffa81cd51b921 av_one_fifth  avia-builder-el-0  el_before_av_three_fifth  avia-builder-el-first  first flex_column_div'   ><\/div>\n<div class='flex_column av-9etub9-2f39e08d0be1f0d2d39bf4dab79f3e06 av_three_fifth  avia-builder-el-1  el_after_av_one_fifth  el_before_av_one_fifth  flex_column_div'   ><section class=\"av_textblock_section\"  itemscope=\"itemscope\" itemtype=\"https:\/\/schema.org\/CreativeWork\" ><div class='avia_textblock'   itemprop=\"text\" ><h2 style=\"text-align: center;\">QIRUIDE ADDITIVES CO.,LTD Condiciones de servicio<\/h2>\n<\/div><\/section><\/div>\n<div class='flex_column av-71in1h-0b65c5d6f5df5bad40db336a420d2503 av_one_fifth  avia-builder-el-3  el_after_av_three_fifth  el_before_av_one_fifth  flex_column_div'   ><\/div>\n<div class='flex_column av-5gtj3p-239c92bb3c809f790047e3a1c09e7ad2 av_one_fifth  avia-builder-el-4  el_after_av_one_fifth  el_before_av_three_fifth  first flex_column_div column-top-margin'   ><\/div>\n<div class='flex_column av-4qrlo5-4f6d9a5e76580562fc105c120365066a av_three_fifth  avia-builder-el-5  el_after_av_one_fifth  el_before_av_one_fifth  flex_column_div column-top-margin'   ><section class=\"av_textblock_section\"  itemscope=\"itemscope\" itemtype=\"https:\/\/schema.org\/CreativeWork\" ><div class='avia_textblock'   itemprop=\"text\" ><h3><strong>T\u00e9rminos<\/strong><\/h3>\n<h3>Al acceder al sitio web en https:\/\/qrd-qiruide.com, acepta estar sujeto a estos t\u00e9rminos de servicio, todas las leyes y regulaciones aplicables, y acepta que es responsable del cumplimiento de las leyes locales aplicables. Si no est\u00e1 de acuerdo con alguno de estos t\u00e9rminos, tiene prohibido usar o acceder a este sitio. Los materiales contenidos en este sitio web est\u00e1n protegidos por las leyes de derechos de autor y marcas registradas aplicables.<\/h3>\n<h3><strong>Licencia de uso<\/strong><\/h3>\n<h3>Se otorga permiso para descargar temporalmente una copia de los materiales (informaci\u00f3n o software) en el sitio web de QIRUIDE ADDITIVES CO.,LTD solo para visualizaci\u00f3n transitoria personal y no comercial. Esta es la concesi\u00f3n de una licencia, no una transferencia de t\u00edtulo, y bajo esta licencia no puede:<\/h3>\n<h3>modificar o copiar los materiales;<\/h3>\n<h3>usar los materiales para cualquier prop\u00f3sito comercial o para cualquier exhibici\u00f3n p\u00fablica (comercial o no comercial);<\/h3>\n<h3>intentar descompilar o aplicar ingenier\u00eda inversa a cualquier software contenido en el sitio web de QIRUIDE ADDITIVES CO.,LTD;<\/h3>\n<h3>eliminar cualquier derecho de autor u otras anotaciones de propiedad de los materiales; o<\/h3>\n<h3>transferir los materiales a otra persona o &quot;duplicar&quot; los materiales en cualquier otro servidor.<\/h3>\n<h3>Esta licencia terminar\u00e1 autom\u00e1ticamente si viola alguna de estas restricciones y QIRUIDE ADDITIVES CO.,LTD puede rescindirla en cualquier momento. Al finalizar la visualizaci\u00f3n de estos materiales o al finalizar esta licencia, debe destruir cualquier material descargado que tenga en su poder, ya sea en formato electr\u00f3nico o impreso.<\/h3>\n<h3><strong>Descargo de responsabilidad<\/strong><\/h3>\n<h3>Los materiales del sitio web de QIRUIDE ADDITIVES CO.,LTD se proporcionan &quot;tal cual&quot;. QIRUIDE ADDITIVES CO.,LTD no ofrece garant\u00edas, expresas o impl\u00edcitas, y por la presente renuncia y niega todas las dem\u00e1s garant\u00edas, incluidas, entre otras, garant\u00edas impl\u00edcitas o condiciones de comerciabilidad, idoneidad para un prop\u00f3sito particular o no infracci\u00f3n de la propiedad intelectual u otra violaci\u00f3n. de derechos<\/h3>\n<h3>Adem\u00e1s, QIRUIDE ADDITIVES CO.,LTD no garantiza ni hace ninguna representaci\u00f3n con respecto a la precisi\u00f3n, los resultados probables o la confiabilidad del uso de los materiales en su sitio web o en relaci\u00f3n con dichos materiales o en cualquier sitio vinculado a este sitio.<\/h3>\n<h3><strong>Limitaciones<\/strong><\/h3>\n<h3>En ning\u00fan caso QIRUIDE ADDITIVES CO.,LTD o sus proveedores ser\u00e1n responsables de ning\u00fan da\u00f1o (incluidos, entre otros, da\u00f1os por p\u00e9rdida de datos o ganancias, o debido a la interrupci\u00f3n del negocio) que surjan del uso o la incapacidad de usar los materiales en sitio web de QIRUIDE ADDITIVES CO.,LTD, incluso si QIRUIDE ADDITIVES CO.,LTD o un representante autorizado de QIRUIDE ADDITIVES CO.,LTD ha sido notificado verbalmente o por escrito de la posibilidad de dicho da\u00f1o. Debido a que algunas jurisdicciones no permiten limitaciones en garant\u00edas impl\u00edcitas o limitaciones de responsabilidad por da\u00f1os consecuentes o incidentales, es posible que estas limitaciones no se apliquen a usted.<\/h3>\n<h3><strong>Precisi\u00f3n de los materiales<\/strong><\/h3>\n<h3>Los materiales que aparecen en el sitio web de QIRUIDE ADDITIVES CO.,LTD pueden incluir errores t\u00e9cnicos, tipogr\u00e1ficos o fotogr\u00e1ficos. QIRUIDE ADDITIVES CO.,LTD no garantiza que ninguno de los materiales en su sitio web sea preciso, completo o actual. QIRUIDE ADDITIVES CO., LTD puede realizar cambios en los materiales contenidos en su sitio web en cualquier momento sin previo aviso. Sin embargo, QIRUIDE ADDITIVES CO.,LTD no se compromete a actualizar los materiales.<\/h3>\n<h3><strong>Enlaces<\/strong><\/h3>\n<h3>QIRUIDE ADDITIVES CO.,LTD no ha revisado todos los sitios vinculados a su sitio web y no es responsable del contenido de dichos sitios vinculados. La inclusi\u00f3n de cualquier enlace no implica aprobaci\u00f3n por parte de QIRUIDE ADDITIVES CO.,LTD del sitio. El uso de cualquier sitio web vinculado es bajo el propio riesgo del usuario.<\/h3>\n<h3><strong>Modificaciones<\/strong><\/h3>\n<h3>QIRUIDE ADDITIVES CO., LTD puede revisar estos t\u00e9rminos de servicio para su sitio web en cualquier momento sin previo aviso. Al usar este sitio web, usted acepta estar sujeto a la versi\u00f3n actual de estos t\u00e9rminos de servicio.<\/h3>\n<h3><strong>Ley que rige<\/strong><\/h3>\n<h3>Estos t\u00e9rminos y condiciones se rigen e interpretan de acuerdo con las leyes de China y usted se somete irrevocablemente a la jurisdicci\u00f3n exclusiva de los tribunales de ese Estado o ubicaci\u00f3n.<\/h3>\n<\/div><\/section><\/div><div class='flex_column av-2jygbp-4ec4026b8f803caced7bd9d647d1c1f5 av_one_fifth  avia-builder-el-7  el_after_av_three_fifth  avia-builder-el-last  flex_column_div column-top-margin'   ><\/div><\/p>","protected":false},"excerpt":{"rendered":"","protected":false},"author":2,"featured_media":0,"parent":0,"menu_order":0,"comment_status":"closed","ping_status":"closed","template":"","meta":{"footnotes":""},"class_list":["post-2517","page","type-page","status-publish","hentry"],"yoast_head":"<!-- This site is optimized with the Yoast SEO plugin v26.9 - https:\/\/yoast.com\/product\/yoast-seo-wordpress\/ -->\n<title>QIRUIDE ADDITIVES CO.,LTD Terms of Service - Qiruide\u00ae Chemical Compounds<\/title>\n<meta name=\"robots\" content=\"noindex, nofollow\" \/>\n<meta property=\"og:locale\" content=\"es_ES\" \/>\n<meta property=\"og:type\" content=\"article\" \/>\n<meta property=\"og:title\" content=\"QIRUIDE ADDITIVES CO.,LTD Terms of Service - Qiruide\u00ae Chemical Compounds\" \/>\n<meta property=\"og:url\" content=\"https:\/\/qrd-qiruide.com\/es\/terms-of-service\/\" \/>\n<meta property=\"og:site_name\" content=\"Qiruide\u00ae Chemical Compounds\" \/>\n<meta property=\"article:modified_time\" content=\"2021-09-28T08:31:25+00:00\" \/>\n<meta name=\"twitter:card\" content=\"summary_large_image\" \/>\n<meta name=\"twitter:label1\" content=\"Tiempo de lectura\" \/>\n\t<meta name=\"twitter:data1\" content=\"2 minutos\" \/>\n<script type=\"application\/ld+json\" class=\"yoast-schema-graph\">{\"@context\":\"https:\/\/schema.org\",\"@graph\":[{\"@type\":\"WebPage\",\"@id\":\"https:\/\/qrd-qiruide.com\/terms-of-service\/\",\"url\":\"https:\/\/qrd-qiruide.com\/terms-of-service\/\",\"name\":\"QIRUIDE ADDITIVES CO.,LTD Terms of Service - Qiruide\u00ae Chemical Compounds\",\"isPartOf\":{\"@id\":\"https:\/\/qrd-qiruide.com\/#website\"},\"datePublished\":\"2021-09-28T06:35:43+00:00\",\"dateModified\":\"2021-09-28T08:31:25+00:00\",\"breadcrumb\":{\"@id\":\"https:\/\/qrd-qiruide.com\/terms-of-service\/#breadcrumb\"},\"inLanguage\":\"es\",\"potentialAction\":[{\"@type\":\"ReadAction\",\"target\":[\"https:\/\/qrd-qiruide.com\/terms-of-service\/\"]}]},{\"@type\":\"BreadcrumbList\",\"@id\":\"https:\/\/qrd-qiruide.com\/terms-of-service\/#breadcrumb\",\"itemListElement\":[{\"@type\":\"ListItem\",\"position\":1,\"name\":\"Home\",\"item\":\"https:\/\/qrd-qiruide.com\/\"},{\"@type\":\"ListItem\",\"position\":2,\"name\":\"QIRUIDE ADDITIVES CO.,LTD Terms of Service\"}]},{\"@type\":\"WebSite\",\"@id\":\"https:\/\/qrd-qiruide.com\/#website\",\"url\":\"https:\/\/qrd-qiruide.com\/\",\"name\":\"Qiruide\u00ae Chemical Compounds\",\"description\":\"Qiruide\u00ae Chemical Compounds\",\"potentialAction\":[{\"@type\":\"SearchAction\",\"target\":{\"@type\":\"EntryPoint\",\"urlTemplate\":\"https:\/\/qrd-qiruide.com\/?s={search_term_string}\"},\"query-input\":{\"@type\":\"PropertyValueSpecification\",\"valueRequired\":true,\"valueName\":\"search_term_string\"}}],\"inLanguage\":\"es\"}]}<\/script>\n<!-- \/ Yoast SEO plugin. -->","yoast_head_json":{"title":"QIRUIDE ADDITIVES CO.,LTD Terms of Service - Qiruide\u00ae Chemical Compounds","robots":{"index":"noindex","follow":"nofollow"},"og_locale":"es_ES","og_type":"article","og_title":"QIRUIDE ADDITIVES CO.,LTD Terms of Service - Qiruide\u00ae Chemical Compounds","og_url":"https:\/\/qrd-qiruide.com\/es\/terms-of-service\/","og_site_name":"Qiruide\u00ae Chemical Compounds","article_modified_time":"2021-09-28T08:31:25+00:00","twitter_card":"summary_large_image","twitter_misc":{"Tiempo de lectura":"2 minutos"},"schema":{"@context":"https:\/\/schema.org","@graph":[{"@type":"WebPage","@id":"https:\/\/qrd-qiruide.com\/terms-of-service\/","url":"https:\/\/qrd-qiruide.com\/terms-of-service\/","name":"QIRUIDE ADDITIVES CO.,LTD Terms of Service - Qiruide\u00ae Chemical Compounds","isPartOf":{"@id":"https:\/\/qrd-qiruide.com\/#website"},"datePublished":"2021-09-28T06:35:43+00:00","dateModified":"2021-09-28T08:31:25+00:00","breadcrumb":{"@id":"https:\/\/qrd-qiruide.com\/terms-of-service\/#breadcrumb"},"inLanguage":"es","potentialAction":[{"@type":"ReadAction","target":["https:\/\/qrd-qiruide.com\/terms-of-service\/"]}]},{"@type":"BreadcrumbList","@id":"https:\/\/qrd-qiruide.com\/terms-of-service\/#breadcrumb","itemListElement":[{"@type":"ListItem","position":1,"name":"Home","item":"https:\/\/qrd-qiruide.com\/"},{"@type":"ListItem","position":2,"name":"QIRUIDE ADDITIVES CO.,LTD Terms of Service"}]},{"@type":"WebSite","@id":"https:\/\/qrd-qiruide.com\/#website","url":"https:\/\/qrd-qiruide.com\/","name":"Qiruide\u00ae Chemical Compounds","description":"Qiruide\u00ae Chemical Compounds","potentialAction":[{"@type":"SearchAction","target":{"@type":"EntryPoint","urlTemplate":"https:\/\/qrd-qiruide.com\/?s={search_term_string}"},"query-input":{"@type":"PropertyValueSpecification","valueRequired":true,"valueName":"search_term_string"}}],"inLanguage":"es"}]}},"_links":{"self":[{"href":"https:\/\/qrd-qiruide.com\/es\/wp-json\/wp\/v2\/pages\/2517","targetHints":{"allow":["GET"]}}],"collection":[{"href":"https:\/\/qrd-qiruide.com\/es\/wp-json\/wp\/v2\/pages"}],"about":[{"href":"https:\/\/qrd-qiruide.com\/es\/wp-json\/wp\/v2\/types\/page"}],"author":[{"embeddable":true,"href":"https:\/\/qrd-qiruide.com\/es\/wp-json\/wp\/v2\/users\/2"}],"replies":[{"embeddable":true,"href":"https:\/\/qrd-qiruide.com\/es\/wp-json\/wp\/v2\/comments?post=2517"}],"version-history":[{"count":0,"href":"https:\/\/qrd-qiruide.com\/es\/wp-json\/wp\/v2\/pages\/2517\/revisions"}],"wp:attachment":[{"href":"https:\/\/qrd-qiruide.com\/es\/wp-json\/wp\/v2\/media?parent=2517"}],"curies":[{"name":"wp","href":"https:\/\/api.w.org\/{rel}","templated":true}]}}