{"id":2531,"date":"2021-09-28T08:58:11","date_gmt":"2021-09-28T08:58:11","guid":{"rendered":"https:\/\/qrd-qiruide.com\/?page_id=2531"},"modified":"2021-09-28T09:33:05","modified_gmt":"2021-09-28T09:33:05","slug":"privacy-notice","status":"publish","type":"page","link":"https:\/\/qrd-qiruide.com\/es\/privacy-notice\/","title":{"rendered":"QIRUIDE ADDITIVES CO.,LTD Aviso de privacidad"},"content":{"rendered":"<div class='flex_column av-av_one_fifth-d846867a37b468541bc8830743d44203 av_one_fifth  avia-builder-el-0  el_before_av_three_fifth  avia-builder-el-first  first flex_column_div'   ><\/div>\n<div class='flex_column av-av_three_fifth-337486787960716147ecfb4074cb91c6 av_three_fifth  avia-builder-el-1  el_after_av_one_fifth  el_before_av_one_fifth  flex_column_div'   ><section class=\"av_textblock_section\"  itemscope=\"itemscope\" itemtype=\"https:\/\/schema.org\/CreativeWork\" ><div class='avia_textblock'   itemprop=\"text\" ><h2 style=\"text-align: center;\">QIRUIDE ADDITIVES CO.,LTD Aviso de privacidad<\/h2>\n<\/div><\/section><\/div><div class='flex_column av-av_one_fifth-337486787960716147ecfb4074cb91c6 av_one_fifth  avia-builder-el-3  el_after_av_three_fifth  el_before_av_one_fifth  flex_column_div'   ><\/div><\/p>\n<div class='flex_column av-av_one_fifth-d846867a37b468541bc8830743d44203 av_one_fifth  avia-builder-el-4  el_after_av_one_fifth  el_before_av_three_fifth  first flex_column_div column-top-margin'   ><\/div>\n<div class='flex_column av-av_three_fifth-337486787960716147ecfb4074cb91c6 av_three_fifth  avia-builder-el-5  el_after_av_one_fifth  el_before_av_one_fifth  flex_column_div column-top-margin'   ><section class=\"av_textblock_section\"  itemscope=\"itemscope\" itemtype=\"https:\/\/schema.org\/CreativeWork\" ><div class='avia_textblock'   itemprop=\"text\" ><h3>Su privacidad es importante para nosotros. La pol\u00edtica de QIRUIDE ADDITIVES CO.,LTD es respetar su privacidad con respecto a cualquier informaci\u00f3n que podamos recopilar de usted en nuestro sitio web, https:\/\/qrd-qiruide.com, y otros sitios que poseemos y operamos.<br \/>\nSolo solicitamos informaci\u00f3n personal cuando realmente la necesitamos para brindarle un servicio. La recopilamos por medios justos y legales, con su conocimiento y consentimiento. Tambi\u00e9n le informamos por qu\u00e9 lo recopilamos y c\u00f3mo se utilizar\u00e1.<br \/>\nSolo conservamos la informaci\u00f3n recopilada durante el tiempo que sea necesario para brindarle el servicio solicitado. Los datos que almacenamos, los protegeremos dentro de los medios comercialmente aceptables para evitar p\u00e9rdidas y robos, as\u00ed como el acceso, divulgaci\u00f3n, copia, uso o modificaci\u00f3n no autorizados.<br \/>\nNo compartimos ninguna informaci\u00f3n de identificaci\u00f3n personal p\u00fablicamente o con terceros, excepto cuando lo exija la ley.<br \/>\nNuestro sitio web puede tener enlaces a sitios externos que no son operados por nosotros. Tenga en cuenta que no tenemos control sobre el contenido y las pr\u00e1cticas de estos sitios, y no podemos aceptar responsabilidad alguna por sus respectivas pol\u00edticas de privacidad.<br \/>\nUsted es libre de rechazar nuestra solicitud de su informaci\u00f3n personal, en el entendimiento de que es posible que no podamos brindarle algunos de los servicios que desea.<br \/>\nSu uso continuado de nuestro sitio web se considerar\u00e1 como la aceptaci\u00f3n de nuestras pr\u00e1cticas en materia de privacidad e informaci\u00f3n personal. Si tiene alguna pregunta sobre c\u00f3mo manejamos los datos de los usuarios y la informaci\u00f3n personal, no dude en contactarnos.<br \/>\nEsta pol\u00edtica es efectiva a partir del 1 de enero de 2021.<\/h3>\n<\/div><\/section><\/div><div class='flex_column av-av_one_fifth-337486787960716147ecfb4074cb91c6 av_one_fifth  avia-builder-el-7  el_after_av_three_fifth  avia-builder-el-last  flex_column_div column-top-margin'   ><\/div><\/p>","protected":false},"excerpt":{"rendered":"","protected":false},"author":2,"featured_media":0,"parent":0,"menu_order":0,"comment_status":"closed","ping_status":"closed","template":"","meta":{"footnotes":""},"class_list":["post-2531","page","type-page","status-publish","hentry"],"yoast_head":"<!-- This site is optimized with the Yoast SEO plugin v26.9 - https:\/\/yoast.com\/product\/yoast-seo-wordpress\/ -->\n<title>QIRUIDE ADDITIVES CO.,LTD Privacy Notice - Qiruide\u00ae Chemical Compounds<\/title>\n<meta name=\"robots\" content=\"noindex, nofollow\" \/>\n<meta property=\"og:locale\" content=\"es_ES\" \/>\n<meta property=\"og:type\" content=\"article\" \/>\n<meta property=\"og:title\" content=\"QIRUIDE ADDITIVES CO.,LTD Privacy Notice - Qiruide\u00ae Chemical Compounds\" \/>\n<meta property=\"og:url\" content=\"https:\/\/qrd-qiruide.com\/es\/privacy-notice\/\" \/>\n<meta property=\"og:site_name\" content=\"Qiruide\u00ae Chemical Compounds\" \/>\n<meta property=\"article:modified_time\" content=\"2021-09-28T09:33:05+00:00\" \/>\n<meta name=\"twitter:card\" content=\"summary_large_image\" \/>\n<meta name=\"twitter:label1\" content=\"Tiempo de lectura\" \/>\n\t<meta name=\"twitter:data1\" content=\"9 minutos\" \/>\n<script type=\"application\/ld+json\" class=\"yoast-schema-graph\">{\"@context\":\"https:\/\/schema.org\",\"@graph\":[{\"@type\":\"WebPage\",\"@id\":\"https:\/\/qrd-qiruide.com\/privacy-notice\/\",\"url\":\"https:\/\/qrd-qiruide.com\/privacy-notice\/\",\"name\":\"QIRUIDE ADDITIVES CO.,LTD Privacy Notice - Qiruide\u00ae Chemical Compounds\",\"isPartOf\":{\"@id\":\"https:\/\/qrd-qiruide.com\/#website\"},\"datePublished\":\"2021-09-28T08:58:11+00:00\",\"dateModified\":\"2021-09-28T09:33:05+00:00\",\"breadcrumb\":{\"@id\":\"https:\/\/qrd-qiruide.com\/privacy-notice\/#breadcrumb\"},\"inLanguage\":\"es\",\"potentialAction\":[{\"@type\":\"ReadAction\",\"target\":[\"https:\/\/qrd-qiruide.com\/privacy-notice\/\"]}]},{\"@type\":\"BreadcrumbList\",\"@id\":\"https:\/\/qrd-qiruide.com\/privacy-notice\/#breadcrumb\",\"itemListElement\":[{\"@type\":\"ListItem\",\"position\":1,\"name\":\"Home\",\"item\":\"https:\/\/qrd-qiruide.com\/\"},{\"@type\":\"ListItem\",\"position\":2,\"name\":\"QIRUIDE ADDITIVES CO.,LTD Privacy Notice\"}]},{\"@type\":\"WebSite\",\"@id\":\"https:\/\/qrd-qiruide.com\/#website\",\"url\":\"https:\/\/qrd-qiruide.com\/\",\"name\":\"Qiruide\u00ae Chemical Compounds\",\"description\":\"Qiruide\u00ae Chemical Compounds\",\"potentialAction\":[{\"@type\":\"SearchAction\",\"target\":{\"@type\":\"EntryPoint\",\"urlTemplate\":\"https:\/\/qrd-qiruide.com\/?s={search_term_string}\"},\"query-input\":{\"@type\":\"PropertyValueSpecification\",\"valueRequired\":true,\"valueName\":\"search_term_string\"}}],\"inLanguage\":\"es\"}]}<\/script>\n<!-- \/ Yoast SEO plugin. -->","yoast_head_json":{"title":"QIRUIDE ADDITIVES CO.,LTD Privacy Notice - Qiruide\u00ae Chemical Compounds","robots":{"index":"noindex","follow":"nofollow"},"og_locale":"es_ES","og_type":"article","og_title":"QIRUIDE ADDITIVES CO.,LTD Privacy Notice - Qiruide\u00ae Chemical Compounds","og_url":"https:\/\/qrd-qiruide.com\/es\/privacy-notice\/","og_site_name":"Qiruide\u00ae Chemical Compounds","article_modified_time":"2021-09-28T09:33:05+00:00","twitter_card":"summary_large_image","twitter_misc":{"Tiempo de lectura":"9 minutos"},"schema":{"@context":"https:\/\/schema.org","@graph":[{"@type":"WebPage","@id":"https:\/\/qrd-qiruide.com\/privacy-notice\/","url":"https:\/\/qrd-qiruide.com\/privacy-notice\/","name":"QIRUIDE ADDITIVES CO.,LTD Privacy Notice - Qiruide\u00ae Chemical Compounds","isPartOf":{"@id":"https:\/\/qrd-qiruide.com\/#website"},"datePublished":"2021-09-28T08:58:11+00:00","dateModified":"2021-09-28T09:33:05+00:00","breadcrumb":{"@id":"https:\/\/qrd-qiruide.com\/privacy-notice\/#breadcrumb"},"inLanguage":"es","potentialAction":[{"@type":"ReadAction","target":["https:\/\/qrd-qiruide.com\/privacy-notice\/"]}]},{"@type":"BreadcrumbList","@id":"https:\/\/qrd-qiruide.com\/privacy-notice\/#breadcrumb","itemListElement":[{"@type":"ListItem","position":1,"name":"Home","item":"https:\/\/qrd-qiruide.com\/"},{"@type":"ListItem","position":2,"name":"QIRUIDE ADDITIVES CO.,LTD Privacy Notice"}]},{"@type":"WebSite","@id":"https:\/\/qrd-qiruide.com\/#website","url":"https:\/\/qrd-qiruide.com\/","name":"Qiruide\u00ae Chemical Compounds","description":"Qiruide\u00ae Chemical Compounds","potentialAction":[{"@type":"SearchAction","target":{"@type":"EntryPoint","urlTemplate":"https:\/\/qrd-qiruide.com\/?s={search_term_string}"},"query-input":{"@type":"PropertyValueSpecification","valueRequired":true,"valueName":"search_term_string"}}],"inLanguage":"es"}]}},"_links":{"self":[{"href":"https:\/\/qrd-qiruide.com\/es\/wp-json\/wp\/v2\/pages\/2531","targetHints":{"allow":["GET"]}}],"collection":[{"href":"https:\/\/qrd-qiruide.com\/es\/wp-json\/wp\/v2\/pages"}],"about":[{"href":"https:\/\/qrd-qiruide.com\/es\/wp-json\/wp\/v2\/types\/page"}],"author":[{"embeddable":true,"href":"https:\/\/qrd-qiruide.com\/es\/wp-json\/wp\/v2\/users\/2"}],"replies":[{"embeddable":true,"href":"https:\/\/qrd-qiruide.com\/es\/wp-json\/wp\/v2\/comments?post=2531"}],"version-history":[{"count":0,"href":"https:\/\/qrd-qiruide.com\/es\/wp-json\/wp\/v2\/pages\/2531\/revisions"}],"wp:attachment":[{"href":"https:\/\/qrd-qiruide.com\/es\/wp-json\/wp\/v2\/media?parent=2531"}],"curies":[{"name":"wp","href":"https:\/\/api.w.org\/{rel}","templated":true}]}}